{"id":16946,"date":"2024-05-21T13:57:24","date_gmt":"2024-05-21T13:57:24","guid":{"rendered":"https:\/\/schierker-feuerstein.de\/?page_id=16946"},"modified":"2025-02-07T21:16:15","modified_gmt":"2025-02-07T20:16:15","slug":"main-house","status":"publish","type":"page","link":"https:\/\/schierker-feuerstein.de\/en\/stammhaus\/","title":{"rendered":"Head office"},"content":{"rendered":"\t\t<div data-elementor-type=\"wp-page\" data-elementor-id=\"16946\" class=\"elementor elementor-16946\" data-elementor-post-type=\"page\">\n\t\t\t\t<div class=\"elementor-element elementor-element-6de250ca e-flex e-con-boxed e-con e-parent\" data-id=\"6de250ca\" data-element_type=\"container\" data-e-type=\"container\" data-settings=\"{&quot;background_background&quot;:&quot;gradient&quot;,&quot;jet_parallax_layout_list&quot;:[]}\">\n\t\t\t\t\t<div class=\"e-con-inner\">\n\t\t<div class=\"elementor-element elementor-element-20d82c0b e-con-full animated-slow e-flex elementor-invisible e-con e-child\" data-id=\"20d82c0b\" data-element_type=\"container\" data-e-type=\"container\" data-settings=\"{&quot;background_background&quot;:&quot;classic&quot;,&quot;jet_parallax_layout_list&quot;:[],&quot;motion_fx_motion_fx_scrolling&quot;:&quot;yes&quot;,&quot;motion_fx_blur_effect&quot;:&quot;yes&quot;,&quot;motion_fx_blur_direction&quot;:&quot;in-out&quot;,&quot;motion_fx_blur_level&quot;:{&quot;unit&quot;:&quot;px&quot;,&quot;size&quot;:10,&quot;sizes&quot;:[]},&quot;motion_fx_blur_range&quot;:{&quot;unit&quot;:&quot;%&quot;,&quot;size&quot;:&quot;&quot;,&quot;sizes&quot;:{&quot;start&quot;:90,&quot;end&quot;:100}},&quot;motion_fx_scale_effect&quot;:&quot;yes&quot;,&quot;motion_fx_scale_range&quot;:{&quot;unit&quot;:&quot;%&quot;,&quot;size&quot;:&quot;&quot;,&quot;sizes&quot;:{&quot;start&quot;:80,&quot;end&quot;:100}},&quot;animation&quot;:&quot;fadeInUp&quot;,&quot;motion_fx_scale_direction&quot;:&quot;out-in&quot;,&quot;motion_fx_scale_speed&quot;:{&quot;unit&quot;:&quot;px&quot;,&quot;size&quot;:4,&quot;sizes&quot;:[]},&quot;motion_fx_devices&quot;:[&quot;desktop&quot;,&quot;laptop&quot;,&quot;tablet&quot;,&quot;mobile&quot;]}\">\n\t\t<div class=\"elementor-element elementor-element-4eb4a1c3 e-con-full e-flex e-con e-child\" data-id=\"4eb4a1c3\" data-element_type=\"container\" data-e-type=\"container\" data-settings=\"{&quot;jet_parallax_layout_list&quot;:[]}\">\n\t\t\t\t<div class=\"elementor-element elementor-element-196ffd94 elementor-widget elementor-widget-heading\" data-id=\"196ffd94\" data-element_type=\"widget\" data-e-type=\"widget\" data-widget_type=\"heading.default\">\n\t\t\t\t\t<h3 class=\"elementor-heading-title elementor-size-default\">Ein Ort voller Geschichten.<\/h3>\t\t\t\t<\/div>\n\t\t\t\t<div class=\"elementor-element elementor-element-43b4cdf3 elementor-widget elementor-widget-heading\" data-id=\"43b4cdf3\" data-element_type=\"widget\" data-e-type=\"widget\" data-widget_type=\"heading.default\">\n\t\t\t\t\t<h1 class=\"elementor-heading-title elementor-size-default\">Die alte apotheke.<\/h1>\t\t\t\t<\/div>\n\t\t\t\t<\/div>\n\t\t\t\t<\/div>\n\t\t\t\t\t<\/div>\n\t\t\t\t<\/div>\n\t\t<div class=\"elementor-element elementor-element-684cee5 p--nogap e-flex e-con-boxed e-con e-parent\" data-id=\"684cee5\" data-element_type=\"container\" data-e-type=\"container\" data-settings=\"{&quot;background_background&quot;:&quot;classic&quot;,&quot;jet_parallax_layout_list&quot;:[]}\">\n\t\t\t\t\t<div class=\"e-con-inner\">\n\t\t<div class=\"elementor-element elementor-element-215e3dc e-con-full e-flex e-con e-child\" data-id=\"215e3dc\" data-element_type=\"container\" data-e-type=\"container\" data-settings=\"{&quot;background_background&quot;:&quot;classic&quot;,&quot;jet_parallax_layout_list&quot;:[]}\">\n\t\t\t\t<div class=\"elementor-element elementor-element-9b9d5a0 animated-slow elementor-invisible elementor-widget elementor-widget-heading\" data-id=\"9b9d5a0\" data-element_type=\"widget\" data-e-type=\"widget\" data-settings=\"{&quot;_animation&quot;:&quot;fadeInRight&quot;}\" data-widget_type=\"heading.default\">\n\t\t\t\t\t<h3 class=\"elementor-heading-title elementor-size-default\">WO ALLES BEGANN.<\/h3>\t\t\t\t<\/div>\n\t\t\t\t<div class=\"elementor-element elementor-element-a451797 animated-slow elementor-invisible elementor-widget elementor-widget-heading\" data-id=\"a451797\" data-element_type=\"widget\" data-e-type=\"widget\" data-settings=\"{&quot;_animation&quot;:&quot;fadeInRight&quot;,&quot;_animation_delay&quot;:250}\" data-widget_type=\"heading.default\">\n\t\t\t\t\t<h2 class=\"elementor-heading-title elementor-size-default\">Willys Apotheke \u2013 Das Stammhaus.<\/h2>\t\t\t\t<\/div>\n\t\t\t\t<div class=\"elementor-element elementor-element-57d7e7a elementor-widget elementor-widget-text-editor\" data-id=\"57d7e7a\" data-element_type=\"widget\" data-e-type=\"widget\" data-widget_type=\"text-editor.default\">\n\t\t\t\t\t\t\t\t\t<p>Die alte Apotheke ist das historische Stammhaus von Schierker Feuerstein und ein bedeutender Ort f\u00fcr die Geschichte des Kr\u00e4uter-Halb-Bitters. In eben dieser Schierker Apotheke, die einst Willy Drube geh\u00f6rte, entstand 1908 ein erlesener Kr\u00e4uter-Halb-Bitter. Die alte Apotheke ist nicht nur ein Ort der Herstellung, sondern auch ein Zeugnis jahrzehntelanger Handwerkskunst und Leidenschaft.<\/p><p>\u00a0<\/p><p>Die liebevoll restaurierten R\u00e4ume erz\u00e4hlen Geschichten aus vergangenen Zeiten und bieten einen faszinierenden Einblick in die Anf\u00e4nge des Unternehmens. Von den originalen Apothekerschr\u00e4nken bis hin zu den alten Destillierger\u00e4ten, jedes Detail verspr\u00fcht den Charme und die Authentizit\u00e4t, die Schierker Feuerstein so besonders machen. Historische Dokumente und Ausstellungsst\u00fccke veranschaulichen den Weg von der ersten Rezeptur bis zum heutigen Erfolg.<\/p>\t\t\t\t\t\t\t\t<\/div>\n\t\t\t\t<\/div>\n\t\t<div class=\"elementor-element elementor-element-09d2fee e-con-full e-flex e-con e-child\" data-id=\"09d2fee\" data-element_type=\"container\" data-e-type=\"container\" data-settings=\"{&quot;jet_parallax_layout_list&quot;:[]}\">\n\t\t\t\t<div class=\"elementor-element elementor-element-abc2825 elementor-widget elementor-widget-image\" data-id=\"abc2825\" data-element_type=\"widget\" data-e-type=\"widget\" data-settings=\"{&quot;motion_fx_motion_fx_scrolling&quot;:&quot;yes&quot;,&quot;motion_fx_translateY_effect&quot;:&quot;yes&quot;,&quot;motion_fx_translateY_speed&quot;:{&quot;unit&quot;:&quot;px&quot;,&quot;size&quot;:1.5,&quot;sizes&quot;:[]},&quot;motion_fx_devices&quot;:[&quot;desktop&quot;,&quot;laptop&quot;,&quot;tablet&quot;],&quot;motion_fx_translateY_affectedRange&quot;:{&quot;unit&quot;:&quot;%&quot;,&quot;size&quot;:&quot;&quot;,&quot;sizes&quot;:{&quot;start&quot;:0,&quot;end&quot;:100}}}\" data-widget_type=\"image.default\">\n\t\t\t\t\t\t\t\t\t\t\t\t\t\t\t<img fetchpriority=\"high\" decoding=\"async\" width=\"800\" height=\"480\" src=\"https:\/\/schierker-feuerstein.de\/wp-content\/uploads\/2024\/11\/apotheke-highlight.avif\" class=\"attachment-large size-large wp-image-18893\" alt=\"\" srcset=\"https:\/\/schierker-feuerstein.de\/wp-content\/uploads\/2024\/11\/apotheke-highlight.avif 800w, https:\/\/schierker-feuerstein.de\/wp-content\/uploads\/2024\/11\/apotheke-highlight-300x180.avif 300w, https:\/\/schierker-feuerstein.de\/wp-content\/uploads\/2024\/11\/apotheke-highlight-150x90.jpg 150w, https:\/\/schierker-feuerstein.de\/wp-content\/uploads\/2024\/11\/apotheke-highlight-768x461.avif 768w, https:\/\/schierker-feuerstein.de\/wp-content\/uploads\/2024\/11\/apotheke-highlight-60x36.jpg 60w, https:\/\/schierker-feuerstein.de\/wp-content\/uploads\/2024\/11\/apotheke-highlight-110x66.jpg 110w, https:\/\/schierker-feuerstein.de\/wp-content\/uploads\/2024\/11\/apotheke-highlight-600x360.jpg 600w\" sizes=\"(max-width: 800px) 100vw, 800px\" \/>\t\t\t\t\t\t\t\t\t\t\t\t\t\t\t<\/div>\n\t\t\t\t<div class=\"elementor-element elementor-element-c21054c elementor-widget elementor-widget-image\" data-id=\"c21054c\" data-element_type=\"widget\" data-e-type=\"widget\" data-settings=\"{&quot;motion_fx_motion_fx_scrolling&quot;:&quot;yes&quot;,&quot;motion_fx_translateY_effect&quot;:&quot;yes&quot;,&quot;motion_fx_translateY_speed&quot;:{&quot;unit&quot;:&quot;px&quot;,&quot;size&quot;:3,&quot;sizes&quot;:[]},&quot;motion_fx_devices&quot;:[&quot;desktop&quot;,&quot;laptop&quot;,&quot;tablet&quot;],&quot;motion_fx_translateY_affectedRange&quot;:{&quot;unit&quot;:&quot;%&quot;,&quot;size&quot;:&quot;&quot;,&quot;sizes&quot;:{&quot;start&quot;:0,&quot;end&quot;:100}}}\" data-widget_type=\"image.default\">\n\t\t\t\t\t\t\t\t\t\t\t\t\t\t\t<img decoding=\"async\" width=\"800\" height=\"480\" src=\"https:\/\/schierker-feuerstein.de\/wp-content\/uploads\/2024\/11\/plakette.avif\" class=\"attachment-large size-large wp-image-18896\" alt=\"\" srcset=\"https:\/\/schierker-feuerstein.de\/wp-content\/uploads\/2024\/11\/plakette.avif 800w, https:\/\/schierker-feuerstein.de\/wp-content\/uploads\/2024\/11\/plakette-300x180.avif 300w, https:\/\/schierker-feuerstein.de\/wp-content\/uploads\/2024\/11\/plakette-150x90.jpg 150w, https:\/\/schierker-feuerstein.de\/wp-content\/uploads\/2024\/11\/plakette-768x461.avif 768w, https:\/\/schierker-feuerstein.de\/wp-content\/uploads\/2024\/11\/plakette-60x36.jpg 60w, https:\/\/schierker-feuerstein.de\/wp-content\/uploads\/2024\/11\/plakette-110x66.jpg 110w, https:\/\/schierker-feuerstein.de\/wp-content\/uploads\/2024\/11\/plakette-600x360.jpg 600w\" sizes=\"(max-width: 800px) 100vw, 800px\" \/>\t\t\t\t\t\t\t\t\t\t\t\t\t\t\t<\/div>\n\t\t\t\t<\/div>\n\t\t\t\t<div class=\"elementor-element elementor-element-6de86cf elementor-absolute elementor-hidden-tablet elementor-hidden-mobile elementor-widget elementor-widget-image\" data-id=\"6de86cf\" data-element_type=\"widget\" data-e-type=\"widget\" data-settings=\"{&quot;_position&quot;:&quot;absolute&quot;}\" data-widget_type=\"image.default\">\n\t\t\t\t\t\t\t\t\t\t\t\t\t\t\t<img decoding=\"async\" width=\"250\" height=\"200\" src=\"https:\/\/schierker-feuerstein.de\/wp-content\/uploads\/2024\/04\/wuv-emblem.svg\" class=\"attachment-full size-full wp-image-16645\" alt=\"\" \/>\t\t\t\t\t\t\t\t\t\t\t\t\t\t\t<\/div>\n\t\t\t\t\t<\/div>\n\t\t\t\t<\/div>\n\t\t<div class=\"elementor-element elementor-element-6d654cb e-flex e-con-boxed e-con e-parent\" data-id=\"6d654cb\" data-element_type=\"container\" data-e-type=\"container\" data-settings=\"{&quot;background_background&quot;:&quot;classic&quot;,&quot;jet_parallax_layout_list&quot;:[]}\">\n\t\t\t\t\t<div class=\"e-con-inner\">\n\t\t<div class=\"elementor-element elementor-element-879116a e-con-full e-flex e-con e-child\" data-id=\"879116a\" data-element_type=\"container\" data-e-type=\"container\" data-settings=\"{&quot;jet_parallax_layout_list&quot;:[]}\">\n\t\t<div class=\"elementor-element elementor-element-1e2e895 e-con-full e-flex e-con e-child\" data-id=\"1e2e895\" data-element_type=\"container\" data-e-type=\"container\" data-settings=\"{&quot;jet_parallax_layout_list&quot;:[]}\">\n\t\t\t\t<div class=\"elementor-element elementor-element-012f997 elementor-widget elementor-widget-image\" data-id=\"012f997\" data-element_type=\"widget\" data-e-type=\"widget\" data-settings=\"{&quot;motion_fx_motion_fx_scrolling&quot;:&quot;yes&quot;,&quot;motion_fx_translateY_effect&quot;:&quot;yes&quot;,&quot;motion_fx_translateY_speed&quot;:{&quot;unit&quot;:&quot;px&quot;,&quot;size&quot;:1.5,&quot;sizes&quot;:[]},&quot;motion_fx_devices&quot;:[&quot;desktop&quot;,&quot;laptop&quot;,&quot;tablet&quot;],&quot;motion_fx_translateY_affectedRange&quot;:{&quot;unit&quot;:&quot;%&quot;,&quot;size&quot;:&quot;&quot;,&quot;sizes&quot;:{&quot;start&quot;:0,&quot;end&quot;:100}}}\" data-widget_type=\"image.default\">\n\t\t\t\t\t\t\t\t\t\t\t\t\t\t\t<img loading=\"lazy\" decoding=\"async\" width=\"800\" height=\"480\" src=\"https:\/\/schierker-feuerstein.de\/wp-content\/uploads\/2024\/11\/mann-in-apotheke.avif\" class=\"attachment-large size-large wp-image-18892\" alt=\"\" srcset=\"https:\/\/schierker-feuerstein.de\/wp-content\/uploads\/2024\/11\/mann-in-apotheke.avif 800w, https:\/\/schierker-feuerstein.de\/wp-content\/uploads\/2024\/11\/mann-in-apotheke-300x180.avif 300w, https:\/\/schierker-feuerstein.de\/wp-content\/uploads\/2024\/11\/mann-in-apotheke-150x90.jpg 150w, https:\/\/schierker-feuerstein.de\/wp-content\/uploads\/2024\/11\/mann-in-apotheke-768x461.avif 768w, https:\/\/schierker-feuerstein.de\/wp-content\/uploads\/2024\/11\/mann-in-apotheke-60x36.jpg 60w, https:\/\/schierker-feuerstein.de\/wp-content\/uploads\/2024\/11\/mann-in-apotheke-110x66.jpg 110w, https:\/\/schierker-feuerstein.de\/wp-content\/uploads\/2024\/11\/mann-in-apotheke-600x360.jpg 600w\" sizes=\"(max-width: 800px) 100vw, 800px\" \/>\t\t\t\t\t\t\t\t\t\t\t\t\t\t\t<\/div>\n\t\t\t\t<div class=\"elementor-element elementor-element-0202803 elementor-widget elementor-widget-image\" data-id=\"0202803\" data-element_type=\"widget\" data-e-type=\"widget\" data-settings=\"{&quot;motion_fx_motion_fx_scrolling&quot;:&quot;yes&quot;,&quot;motion_fx_translateY_effect&quot;:&quot;yes&quot;,&quot;motion_fx_translateY_speed&quot;:{&quot;unit&quot;:&quot;px&quot;,&quot;size&quot;:3,&quot;sizes&quot;:[]},&quot;motion_fx_devices&quot;:[&quot;desktop&quot;,&quot;laptop&quot;,&quot;tablet&quot;],&quot;motion_fx_translateY_affectedRange&quot;:{&quot;unit&quot;:&quot;%&quot;,&quot;size&quot;:&quot;&quot;,&quot;sizes&quot;:{&quot;start&quot;:0,&quot;end&quot;:100}}}\" data-widget_type=\"image.default\">\n\t\t\t\t\t\t\t\t\t\t\t\t\t\t\t<img decoding=\"async\" src=\"https:\/\/schierker-feuerstein.de\/wp-content\/uploads\/elementor\/thumbs\/recycelte-taschen-r10uop46fcwg6yzs35po28xnnnxlknurzhwsprwnwg.avif\" title=\"recycelte taschen\" alt=\"recycelte taschen\" loading=\"lazy\" \/>\t\t\t\t\t\t\t\t\t\t\t\t\t\t\t<\/div>\n\t\t\t\t<\/div>\n\t\t\t\t<\/div>\n\t\t<div class=\"elementor-element elementor-element-0a72591 e-con-full e-flex e-con e-child\" data-id=\"0a72591\" data-element_type=\"container\" data-e-type=\"container\" data-settings=\"{&quot;jet_parallax_layout_list&quot;:[]}\">\n\t\t\t\t<div class=\"elementor-element elementor-element-574c70b animated-slow elementor-invisible elementor-widget elementor-widget-heading\" data-id=\"574c70b\" data-element_type=\"widget\" data-e-type=\"widget\" data-settings=\"{&quot;_animation&quot;:&quot;fadeInRight&quot;}\" data-widget_type=\"heading.default\">\n\t\t\t\t\t<h3 class=\"elementor-heading-title elementor-size-default\">Immer einen Besuch wert.<\/h3>\t\t\t\t<\/div>\n\t\t\t\t<div class=\"elementor-element elementor-element-d8f4230 animated-slow elementor-invisible elementor-widget elementor-widget-heading\" data-id=\"d8f4230\" data-element_type=\"widget\" data-e-type=\"widget\" data-settings=\"{&quot;_animation&quot;:&quot;fadeInRight&quot;,&quot;_animation_delay&quot;:250}\" data-widget_type=\"heading.default\">\n\t\t\t\t\t<h2 class=\"elementor-heading-title elementor-size-default\">mit F\u00fchrungen und Fanshop.<\/h2>\t\t\t\t<\/div>\n\t\t\t\t<div class=\"elementor-element elementor-element-5e87c5a elementor-widget elementor-widget-text-editor\" data-id=\"5e87c5a\" data-element_type=\"widget\" data-e-type=\"widget\" data-widget_type=\"text-editor.default\">\n\t\t\t\t\t\t\t\t\t<p>Die alte Apotheke ist mehr als ein Museum \u2013 sie ist ein lebendiges St\u00fcck Geschichte, das den Geist von Schierker Feuerstein in jeder Ecke sp\u00fcrbar macht. Im angeschlossenen Fanshop gibt es eine exklusive Auswahl an Schierker Feuerstein Produkten, \u00a0Accessoires, inspirierende Rezeptideen \u2013 die perfekten Mitbringsel f\u00fcr Zuhause. G\u00e4ste k\u00f6nnen bei F\u00fchrungen hier in die Welt der Traditionsmarke eintauchen und mehr \u00fcber die sorgf\u00e4ltige Herstellung des ber\u00fchmten Kr\u00e4uter-Halb-Bitters erfahren.<\/p>\t\t\t\t\t\t\t\t<\/div>\n\t\t\t\t<\/div>\n\t\t\t\t\t<\/div>\n\t\t\t\t<\/div>\n\t\t<div class=\"elementor-element elementor-element-0081c7a e-con-full p--nogap e-flex e-con e-parent\" data-id=\"0081c7a\" data-element_type=\"container\" data-e-type=\"container\" id=\"apotheke\" data-settings=\"{&quot;background_background&quot;:&quot;gradient&quot;,&quot;jet_parallax_layout_list&quot;:[]}\">\n\t\t<div class=\"elementor-element elementor-element-f4c7cd1 e-con-full animated-slow e-flex elementor-invisible e-con e-child\" data-id=\"f4c7cd1\" data-element_type=\"container\" data-e-type=\"container\" data-settings=\"{&quot;background_background&quot;:&quot;classic&quot;,&quot;jet_parallax_layout_list&quot;:[],&quot;animation&quot;:&quot;fadeInUp&quot;}\">\n\t\t\t\t<div class=\"elementor-element elementor-element-e9a290d elementor-widget elementor-widget-heading\" data-id=\"e9a290d\" data-element_type=\"widget\" data-e-type=\"widget\" data-widget_type=\"heading.default\">\n\t\t\t\t\t<h3 class=\"elementor-heading-title elementor-size-default\">STAMMHAUSF\u00dcHRUNGEN BEI SCHIERKER<\/h3>\t\t\t\t<\/div>\n\t\t\t\t<div class=\"elementor-element elementor-element-68a744f elementor-widget elementor-widget-image\" data-id=\"68a744f\" data-element_type=\"widget\" data-e-type=\"widget\" data-widget_type=\"image.default\">\n\t\t\t\t\t\t\t\t\t\t\t\t\t\t\t<img loading=\"lazy\" decoding=\"async\" width=\"768\" height=\"461\" src=\"https:\/\/schierker-feuerstein.de\/wp-content\/uploads\/2024\/11\/apotheke-768x461.avif\" class=\"attachment-medium_large size-medium_large wp-image-18895\" alt=\"\" srcset=\"https:\/\/schierker-feuerstein.de\/wp-content\/uploads\/2024\/11\/apotheke-768x461.avif 768w, https:\/\/schierker-feuerstein.de\/wp-content\/uploads\/2024\/11\/apotheke-300x180.avif 300w, https:\/\/schierker-feuerstein.de\/wp-content\/uploads\/2024\/11\/apotheke-150x90.jpg 150w, https:\/\/schierker-feuerstein.de\/wp-content\/uploads\/2024\/11\/apotheke-60x36.jpg 60w, https:\/\/schierker-feuerstein.de\/wp-content\/uploads\/2024\/11\/apotheke-110x66.jpg 110w, https:\/\/schierker-feuerstein.de\/wp-content\/uploads\/2024\/11\/apotheke-600x360.jpg 600w, https:\/\/schierker-feuerstein.de\/wp-content\/uploads\/2024\/11\/apotheke.avif 800w\" sizes=\"(max-width: 768px) 100vw, 768px\" \/>\t\t\t\t\t\t\t\t\t\t\t\t\t\t\t<\/div>\n\t\t\t\t<div class=\"elementor-element elementor-element-edcf84a elementor-widget elementor-widget-button\" data-id=\"edcf84a\" data-element_type=\"widget\" data-e-type=\"widget\" data-widget_type=\"button.default\">\n\t\t\t\t\t\t\t\t\t\t<a class=\"elementor-button elementor-button-link elementor-size-sm\" href=\"https:\/\/schierker-feuerstein.de\/fuehrungen\/\">\n\t\t\t\t\t\t<span class=\"elementor-button-content-wrapper\">\n\t\t\t\t\t\t\t\t\t<span class=\"elementor-button-text\">Mehr zu unseren F\u00fchrungen<\/span>\n\t\t\t\t\t<\/span>\n\t\t\t\t\t<\/a>\n\t\t\t\t\t\t\t\t<\/div>\n\t\t\t\t<\/div>\n\t\t<div class=\"elementor-element elementor-element-8df45ff e-con-full e-flex e-con e-child\" data-id=\"8df45ff\" data-element_type=\"container\" data-e-type=\"container\" data-settings=\"{&quot;background_background&quot;:&quot;classic&quot;,&quot;jet_parallax_layout_list&quot;:[]}\">\n\t\t<div class=\"elementor-element elementor-element-f7438d0 e-con-full e-flex e-con e-child\" data-id=\"f7438d0\" data-element_type=\"container\" data-e-type=\"container\" data-settings=\"{&quot;jet_parallax_layout_list&quot;:[]}\">\n\t\t\t\t<div class=\"elementor-element elementor-element-fd50d3f animated-slow elementor-invisible elementor-widget elementor-widget-heading\" data-id=\"fd50d3f\" data-element_type=\"widget\" data-e-type=\"widget\" data-settings=\"{&quot;_animation&quot;:&quot;fadeInRight&quot;}\" data-widget_type=\"heading.default\">\n\t\t\t\t\t<h3 class=\"elementor-heading-title elementor-size-default\">Besuch uns doch mal.<\/h3>\t\t\t\t<\/div>\n\t\t\t\t<div class=\"elementor-element elementor-element-d2e7b14 animated-slow elementor-invisible elementor-widget elementor-widget-heading\" data-id=\"d2e7b14\" data-element_type=\"widget\" data-e-type=\"widget\" data-settings=\"{&quot;_animation&quot;:&quot;fadeInRight&quot;,&quot;_animation_delay&quot;:250}\" data-widget_type=\"heading.default\">\n\t\t\t\t\t<h2 class=\"elementor-heading-title elementor-size-default\">\u00d6ffnungszeiten.<\/h2>\t\t\t\t<\/div>\n\t\t\t\t<div class=\"elementor-element elementor-element-b7f0e73 elementor-widget elementor-widget-text-editor\" data-id=\"b7f0e73\" data-element_type=\"widget\" data-e-type=\"widget\" data-widget_type=\"text-editor.default\">\n\t\t\t\t\t\t\t\t\t<p class=\"p1\">In unserem Stammhaus in Schierke findest du auch unseren Fan-Shop mit zahlreichen Produkten rund um Schierker Feuerstein und seine einzigartige Geschichte.<\/p><p class=\"p1\">\u00a0<\/p><p class=\"p1\"><strong>Unsere \u00d6ffnungszeiten:<br \/><\/strong><b>Montag bis Samstag von 10 bis 17 Uhr (au\u00dfer an Feiertagen)<\/b><\/p><p class=\"p1\">\u00a0<\/p><p class=\"p1\">Eine kurzfristige \u00c4nderung der Gesch\u00e4ftszeiten behalten wir uns vor.<\/p>\t\t\t\t\t\t\t\t<\/div>\n\t\t\t\t<\/div>\n\t\t\t\t<div class=\"elementor-element elementor-element-75dae40 elementor-widget elementor-widget-image\" data-id=\"75dae40\" data-element_type=\"widget\" data-e-type=\"widget\" data-settings=\"{&quot;motion_fx_motion_fx_scrolling&quot;:&quot;yes&quot;,&quot;motion_fx_translateY_effect&quot;:&quot;yes&quot;,&quot;motion_fx_translateY_speed&quot;:{&quot;unit&quot;:&quot;px&quot;,&quot;size&quot;:3,&quot;sizes&quot;:[]},&quot;motion_fx_devices&quot;:[&quot;desktop&quot;,&quot;laptop&quot;],&quot;motion_fx_translateY_affectedRange&quot;:{&quot;unit&quot;:&quot;%&quot;,&quot;size&quot;:&quot;&quot;,&quot;sizes&quot;:{&quot;start&quot;:0,&quot;end&quot;:100}}}\" data-widget_type=\"image.default\">\n\t\t\t\t\t\t\t\t\t\t\t\t\t\t\t<img loading=\"lazy\" decoding=\"async\" width=\"800\" height=\"534\" src=\"https:\/\/schierker-feuerstein.de\/wp-content\/uploads\/2024\/11\/stammhaus-schierker_feuerstein_polyluchs-40-1280x854.avif\" class=\"attachment-large size-large wp-image-18401\" alt=\"\" srcset=\"https:\/\/schierker-feuerstein.de\/wp-content\/uploads\/2024\/11\/stammhaus-schierker_feuerstein_polyluchs-40-1280x854.avif 1280w, https:\/\/schierker-feuerstein.de\/wp-content\/uploads\/2024\/11\/stammhaus-schierker_feuerstein_polyluchs-40-300x200.avif 300w, https:\/\/schierker-feuerstein.de\/wp-content\/uploads\/2024\/11\/stammhaus-schierker_feuerstein_polyluchs-40-150x100.jpg 150w, https:\/\/schierker-feuerstein.de\/wp-content\/uploads\/2024\/11\/stammhaus-schierker_feuerstein_polyluchs-40-768x512.avif 768w, https:\/\/schierker-feuerstein.de\/wp-content\/uploads\/2024\/11\/stammhaus-schierker_feuerstein_polyluchs-40-1536x1025.jpg 1536w, https:\/\/schierker-feuerstein.de\/wp-content\/uploads\/2024\/11\/stammhaus-schierker_feuerstein_polyluchs-40-60x40.jpg 60w, https:\/\/schierker-feuerstein.de\/wp-content\/uploads\/2024\/11\/stammhaus-schierker_feuerstein_polyluchs-40-110x73.jpg 110w, https:\/\/schierker-feuerstein.de\/wp-content\/uploads\/2024\/11\/elementor\/thumbs\/stammhaus-schierker_feuerstein_polyluchs-40-qwzwe84pxwtd65wlmatqpog8omfgeqqrue33k8rgrk.jpg 600w, https:\/\/schierker-feuerstein.de\/wp-content\/uploads\/2024\/11\/stammhaus-schierker_feuerstein_polyluchs-40.avif 1920w\" sizes=\"(max-width: 800px) 100vw, 800px\" \/>\t\t\t\t\t\t\t\t\t\t\t\t\t\t\t<\/div>\n\t\t\t\t<\/div>\n\t\t\t\t<\/div>\n\t\t\t\t<\/div>\n\t\t","protected":false},"excerpt":{"rendered":"<p>Ein Ort voller Geschichten. Die alte apotheke. WO ALLES BEGANN. Willys Apotheke \u2013 Das Stammhaus. Die alte Apotheke ist das historische Stammhaus von Schierker Feuerstein und ein bedeutender Ort f\u00fcr die Geschichte des Kr\u00e4uter-Halb-Bitters. In eben dieser Schierker Apotheke, die einst Willy Drube geh\u00f6rte, entstand 1908 ein erlesener Kr\u00e4uter-Halb-Bitter. Die alte Apotheke ist nicht nur [&hellip;]<\/p>\n","protected":false},"author":1,"featured_media":0,"parent":0,"menu_order":0,"comment_status":"closed","ping_status":"closed","template":"","meta":{"_mo_disable_npp":"","footnotes":""},"class_list":["post-16946","page","type-page","status-publish","hentry"],"_links":{"self":[{"href":"https:\/\/schierker-feuerstein.de\/en\/wp-json\/wp\/v2\/pages\/16946","targetHints":{"allow":["GET"]}}],"collection":[{"href":"https:\/\/schierker-feuerstein.de\/en\/wp-json\/wp\/v2\/pages"}],"about":[{"href":"https:\/\/schierker-feuerstein.de\/en\/wp-json\/wp\/v2\/types\/page"}],"author":[{"embeddable":true,"href":"https:\/\/schierker-feuerstein.de\/en\/wp-json\/wp\/v2\/users\/1"}],"replies":[{"embeddable":true,"href":"https:\/\/schierker-feuerstein.de\/en\/wp-json\/wp\/v2\/comments?post=16946"}],"version-history":[{"count":10,"href":"https:\/\/schierker-feuerstein.de\/en\/wp-json\/wp\/v2\/pages\/16946\/revisions"}],"predecessor-version":[{"id":23615,"href":"https:\/\/schierker-feuerstein.de\/en\/wp-json\/wp\/v2\/pages\/16946\/revisions\/23615"}],"wp:attachment":[{"href":"https:\/\/schierker-feuerstein.de\/en\/wp-json\/wp\/v2\/media?parent=16946"}],"curies":[{"name":"wp","href":"https:\/\/api.w.org\/{rel}","templated":true}]}}