{"id":1461,"date":"2020-05-07T18:16:22","date_gmt":"2020-05-07T18:16:22","guid":{"rendered":"https:\/\/schierker-feuerstein.de\/zahlungsweisen\/"},"modified":"2024-07-01T12:36:55","modified_gmt":"2024-07-01T12:36:55","slug":"payment-methods-2","status":"publish","type":"page","link":"https:\/\/schierker-feuerstein.de\/en\/zahlungsweisen\/","title":{"rendered":"Payment methods"},"content":{"rendered":"<div data-elementor-type=\"wp-page\" data-elementor-id=\"1461\" class=\"elementor elementor-1461\" data-elementor-post-type=\"page\">\n\t\t\t\t<div class=\"elementor-element elementor-element-adf3aed e-con-full e-flex e-con e-parent\" data-id=\"adf3aed\" data-element_type=\"container\" data-e-type=\"container\" data-settings=\"{&quot;background_background&quot;:&quot;gradient&quot;,&quot;jet_parallax_layout_list&quot;:[]}\">\n\t\t\t\t<\/div>\n\t\t<div class=\"elementor-element elementor-element-4b953aa e-flex e-con-boxed e-con e-parent\" data-id=\"4b953aa\" data-element_type=\"container\" data-e-type=\"container\" data-settings=\"{&quot;background_background&quot;:&quot;classic&quot;,&quot;jet_parallax_layout_list&quot;:[]}\">\n\t\t\t\t\t<div class=\"e-con-inner\">\n\t\t<div class=\"elementor-element elementor-element-d4346a5 e-con-full e-flex e-con e-child\" data-id=\"d4346a5\" data-element_type=\"container\" data-e-type=\"container\" data-settings=\"{&quot;jet_parallax_layout_list&quot;:[]}\">\n\t\t\t\t<div class=\"elementor-element elementor-element-b6c8205 elementor-widget elementor-widget-heading\" data-id=\"b6c8205\" data-element_type=\"widget\" data-e-type=\"widget\" data-widget_type=\"heading.default\">\n\t\t\t\t\t<h3 class=\"elementor-heading-title elementor-size-default\">How you pay with us<\/h3>\t\t\t\t<\/div>\n\t\t\t\t<div class=\"elementor-element elementor-element-999953f elementor-widget elementor-widget-heading\" data-id=\"999953f\" data-element_type=\"widget\" data-e-type=\"widget\" data-widget_type=\"heading.default\">\n\t\t\t\t\t<h1 class=\"elementor-heading-title elementor-size-default\">Payment methods<\/h1>\t\t\t\t<\/div>\n\t\t\t\t<div class=\"elementor-element elementor-element-ae83130 elementor-widget elementor-widget-text-editor\" data-id=\"ae83130\" data-element_type=\"widget\" data-e-type=\"widget\" data-widget_type=\"text-editor.default\">\n\t\t\t\t\t\t\t\t\t<p>We offer the following payment methods. Simply choose the payment method that suits you best. The shipping costs are partly dependent on the selected payment method. The prices listed in the respective offers are final prices. They include all price components including any applicable taxes such as VAT. Only in the case of cross-border deliveries may further taxes (e.g. in the case of an intra-Community purchase) and\/or duties (e.g. customs duties) be payable by you in individual cases, but not to the seller, but to the customs or tax authorities responsible there. The delivery and shipping costs incurred are not included in the purchase price; they can be called up via the \"Shipping costs\" page, are shown separately during the ordering process and are to be borne by you in addition.<\/p><h3>PayPal<\/h3><p>Pay even faster and more securely with your PayPal account.<\/p><h3>Prepayment<\/h3><p><span style=\"letter-spacing: 0px;\">Please transfer the total amount of your order to our account:<\/span><\/p><p>Account holder: Schierker Feuerstein GmbH &amp; Co. KG<br \/>Account number: 60 36 651<br \/>BANK CODE: 263 510 15<br \/>Credit institution: Sparkasse Osterode am Harz<br \/>SWIFT: NOLADE21HZB<br \/>IBAN: DE63263510150006036651<\/p>\t\t\t\t\t\t\t\t<\/div>\n\t\t\t\t<\/div>\n\t\t\t\t\t<\/div>\n\t\t\t\t<\/div>\n\t\t\t\t<\/div>","protected":false},"excerpt":{"rendered":"<p>So zahlst du bei uns Zahlungsweisen Wir bieten Ihnen folgende Zahlungsarten an. Suchen Sie sich einfach die f\u00fcr Sie optimale Zahlart aus. Die Versandkosten sind teilweise abh\u00e4ngig von der gew\u00e4hlten Zahlungsart. Die in den jeweiligen Angeboten angef\u00fchrten Preise stellen Endpreise dar. Sie beinhalten alle Preisbestandteile einschlie\u00dflich etwaig anfallender Steuern wie Mehrwertsteuer. Nur bei grenz\u00fcberschreitender Lieferung [&hellip;]<\/p>\n","protected":false},"author":1,"featured_media":0,"parent":0,"menu_order":0,"comment_status":"closed","ping_status":"closed","template":"","meta":{"_mo_disable_npp":"","footnotes":""},"class_list":["post-1461","page","type-page","status-publish","hentry"],"_links":{"self":[{"href":"https:\/\/schierker-feuerstein.de\/en\/wp-json\/wp\/v2\/pages\/1461","targetHints":{"allow":["GET"]}}],"collection":[{"href":"https:\/\/schierker-feuerstein.de\/en\/wp-json\/wp\/v2\/pages"}],"about":[{"href":"https:\/\/schierker-feuerstein.de\/en\/wp-json\/wp\/v2\/types\/page"}],"author":[{"embeddable":true,"href":"https:\/\/schierker-feuerstein.de\/en\/wp-json\/wp\/v2\/users\/1"}],"replies":[{"embeddable":true,"href":"https:\/\/schierker-feuerstein.de\/en\/wp-json\/wp\/v2\/comments?post=1461"}],"version-history":[{"count":4,"href":"https:\/\/schierker-feuerstein.de\/en\/wp-json\/wp\/v2\/pages\/1461\/revisions"}],"predecessor-version":[{"id":17971,"href":"https:\/\/schierker-feuerstein.de\/en\/wp-json\/wp\/v2\/pages\/1461\/revisions\/17971"}],"wp:attachment":[{"href":"https:\/\/schierker-feuerstein.de\/en\/wp-json\/wp\/v2\/media?parent=1461"}],"curies":[{"name":"wp","href":"https:\/\/api.w.org\/{rel}","templated":true}]}}