{"id":1457,"date":"2020-05-07T18:16:22","date_gmt":"2020-05-07T18:16:22","guid":{"rendered":"https:\/\/schierker-feuerstein.de\/versand__lieferung\/"},"modified":"2024-07-01T12:36:16","modified_gmt":"2024-07-01T12:36:16","slug":"shipping__delivery","status":"publish","type":"page","link":"https:\/\/schierker-feuerstein.de\/en\/versand__lieferung\/","title":{"rendered":"Shipping &amp; Delivery"},"content":{"rendered":"\t\t<div data-elementor-type=\"wp-page\" data-elementor-id=\"1457\" class=\"elementor elementor-1457\" data-elementor-post-type=\"page\">\n\t\t\t\t<div class=\"elementor-element elementor-element-02f6c06 e-con-full e-flex e-con e-parent\" data-id=\"02f6c06\" data-element_type=\"container\" data-e-type=\"container\" data-settings=\"{&quot;background_background&quot;:&quot;gradient&quot;,&quot;jet_parallax_layout_list&quot;:[]}\">\n\t\t\t\t<\/div>\n\t\t<div class=\"elementor-element elementor-element-67a91ad e-flex e-con-boxed e-con e-parent\" data-id=\"67a91ad\" data-element_type=\"container\" data-e-type=\"container\" data-settings=\"{&quot;background_background&quot;:&quot;classic&quot;,&quot;jet_parallax_layout_list&quot;:[]}\">\n\t\t\t\t\t<div class=\"e-con-inner\">\n\t\t<div class=\"elementor-element elementor-element-c64e426 e-con-full e-flex e-con e-child\" data-id=\"c64e426\" data-element_type=\"container\" data-e-type=\"container\" data-settings=\"{&quot;jet_parallax_layout_list&quot;:[]}\">\n\t\t\t\t<div class=\"elementor-element elementor-element-71fb03a elementor-widget elementor-widget-heading\" data-id=\"71fb03a\" data-element_type=\"widget\" data-e-type=\"widget\" data-widget_type=\"heading.default\">\n\t\t\t\t\t<h3 class=\"elementor-heading-title elementor-size-default\">Damit alles gut bei dir ankommt<\/h3>\t\t\t\t<\/div>\n\t\t\t\t<div class=\"elementor-element elementor-element-7641278 elementor-widget elementor-widget-heading\" data-id=\"7641278\" data-element_type=\"widget\" data-e-type=\"widget\" data-widget_type=\"heading.default\">\n\t\t\t\t\t<h1 class=\"elementor-heading-title elementor-size-default\">Versand &amp; Verpackung<\/h1>\t\t\t\t<\/div>\n\t\t\t\t<div class=\"elementor-element elementor-element-cdc38d9 elementor-widget elementor-widget-text-editor\" data-id=\"cdc38d9\" data-element_type=\"widget\" data-e-type=\"widget\" data-widget_type=\"text-editor.default\">\n\t\t\t\t\t\t\t\t\t<h3>Preise, Versandkosten und Lieferinformationen<\/h3><p>Die auf den Produktseiten genannten Preise enthalten die gesetzliche Mehrwertsteuer und sonstige Preisbestandteile.<\/p><p><strong>Zurzeit liefern wir in folgende L\u00e4nder: Deutschland, Belgien, D\u00e4nemark, Finnland, Frankreich, Irland, Island, Italien, Liechtenstein, Luxemburg, Niederlande, Norwegen, Polen, Schweden, Schweiz, Tschechien, \u00d6sterreich<\/strong><\/p><p>Zus\u00e4tzlich zu den angegebenen Preisen berechnen wir f\u00fcr die Lieferung innerhalb Deutschlands pauschal [6,95 Euro pro Bestellung]. Die Versandkosten werden Ihnen im Warenkorbsystem und auf der Bestellseite nochmals deutlich mitgeteilt. Die Versandkosten f\u00fcr die Lieferung ins Ausland h\u00e4ngen von der Versandzone des Bestimmungslandes ab.<\/p><h4>Lieferung via DHL<\/h4><p>Die Versandkostenpauschale via DHL betr\u00e4gt 6,95 Euro f\u00fcr die Lieferung innerhalb Deutschlands. Die Versandkostenpauschale enth\u00e4lt die gesetzliche Mehrwertsteuer. Da die Mehrwertsteuer auf die Versandkostenpauschale abh\u00e4ngig von den erworbenen Waren berechnet wird, kann sie sich mindern, wenn Waren zu niedrigeren Umsatzsteuers\u00e4tzen erworben werden (z.B. bei Erwerb von Lebensmitteln). Das bedeutet, dass die Versandkostenpauschale erst im Rahmen des Bestellprozesses endg\u00fcltig berechnet werden kann. Sie kann dabei jedoch nicht h\u00f6her, sondern nur zu Ihren Gunsten niedriger werden.<\/p>\t\t\t\t\t\t\t\t<\/div>\n\t\t\t\t<\/div>\n\t\t\t\t\t<\/div>\n\t\t\t\t<\/div>\n\t\t\t\t<\/div>\n\t\t","protected":false},"excerpt":{"rendered":"<p>Damit alles gut bei dir ankommt Versand &amp; Verpackung Preise, Versandkosten und Lieferinformationen Die auf den Produktseiten genannten Preise enthalten die gesetzliche Mehrwertsteuer und sonstige Preisbestandteile. Zurzeit liefern wir in folgende L\u00e4nder: Deutschland, Belgien, D\u00e4nemark, Finnland, Frankreich, Irland, Island, Italien, Liechtenstein, Luxemburg, Niederlande, Norwegen, Polen, Schweden, Schweiz, Tschechien, \u00d6sterreich Zus\u00e4tzlich zu den angegebenen Preisen berechnen [&hellip;]<\/p>\n","protected":false},"author":1,"featured_media":0,"parent":0,"menu_order":0,"comment_status":"closed","ping_status":"closed","template":"","meta":{"_mo_disable_npp":"","footnotes":""},"class_list":["post-1457","page","type-page","status-publish","hentry"],"_links":{"self":[{"href":"https:\/\/schierker-feuerstein.de\/en\/wp-json\/wp\/v2\/pages\/1457","targetHints":{"allow":["GET"]}}],"collection":[{"href":"https:\/\/schierker-feuerstein.de\/en\/wp-json\/wp\/v2\/pages"}],"about":[{"href":"https:\/\/schierker-feuerstein.de\/en\/wp-json\/wp\/v2\/types\/page"}],"author":[{"embeddable":true,"href":"https:\/\/schierker-feuerstein.de\/en\/wp-json\/wp\/v2\/users\/1"}],"replies":[{"embeddable":true,"href":"https:\/\/schierker-feuerstein.de\/en\/wp-json\/wp\/v2\/comments?post=1457"}],"version-history":[{"count":10,"href":"https:\/\/schierker-feuerstein.de\/en\/wp-json\/wp\/v2\/pages\/1457\/revisions"}],"predecessor-version":[{"id":17968,"href":"https:\/\/schierker-feuerstein.de\/en\/wp-json\/wp\/v2\/pages\/1457\/revisions\/17968"}],"wp:attachment":[{"href":"https:\/\/schierker-feuerstein.de\/en\/wp-json\/wp\/v2\/media?parent=1457"}],"curies":[{"name":"wp","href":"https:\/\/api.w.org\/{rel}","templated":true}]}}